{"id":173,"date":"2024-04-15T14:23:24","date_gmt":"2024-04-15T13:23:24","guid":{"rendered":"https:\/\/dmj-sandbox.xyz\/?page_id=173"},"modified":"2024-08-06T14:07:04","modified_gmt":"2024-08-06T13:07:04","slug":"clientes","status":"publish","type":"page","link":"https:\/\/praesta.es\/esp\/clientes\/","title":{"rendered":"Clientes"},"content":{"rendered":"<div id=\"HEADER \u2013 DESKTOP CLIENTS\"  data-column-margin=\"default\" data-midnight=\"dark\" data-top-percent=\"7%\" data-bottom-percent=\"5%\"  class=\"wpb_row vc_row-fluid vc_row full-width-content has-row-bg-color vc_row-o-equal-height vc_row-flex vc_row-o-content-middle  top_padding_phone_14pct bottom_padding_phone_7pct\"  style=\"padding-top: calc(100vw * 0.07); padding-bottom: calc(100vw * 0.05); --row-bg-color: #ff8000;\"><div class=\"row-bg-wrap\" data-bg-animation=\"none\" data-bg-animation-delay=\"\" data-bg-overlay=\"false\"><div class=\"inner-wrap row-bg-layer\" ><div class=\"row-bg viewport-desktop using-bg-color\"  style=\"background-color: #ff8000; \"><\/div><\/div><\/div><div class=\"row_col_wrap_12 col span_12 dark left\">\n\t<div style=\" color: #ffffff;\" class=\"vc_col-sm-6 wpb_column column_container vc_column_container col padding-5-percent inherit_tablet inherit_phone\" data-cfc=\"true\"  data-padding-pos=\"all\" data-has-bg-color=\"false\" data-bg-color=\"\" data-bg-opacity=\"1\" data-animation=\"\" data-delay=\"0\" >\n\t\t<div class=\"vc_column-inner\" >\n\t\t\t<div class=\"wpb_wrapper\">\n\t\t\t\t<h1 style=\"text-align: left\" class=\"vc_custom_heading vc_do_custom_heading vc_custom_1721656560488\" >Un viaje que gu\u00edas t\u00fa<\/h1>\n\t\t\t<\/div> \n\t\t<\/div>\n\t<\/div> \n\n\t<div  class=\"vc_col-sm-6 wpb_column column_container vc_column_container col padding-4-percent inherit_tablet inherit_phone\"  data-padding-pos=\"left-right\" data-has-bg-color=\"false\" data-bg-color=\"\" data-bg-opacity=\"1\" data-animation=\"\" data-delay=\"0\" >\n\t\t<div class=\"vc_column-inner\" >\n\t\t\t<div class=\"wpb_wrapper\">\n\t\t\t\t<div class=\"img-with-aniamtion-wrap\" data-max-width=\"100%\" data-max-width-mobile=\"default\" data-shadow=\"none\" data-animation=\"none\" >\n      <div class=\"inner\">\n        <div class=\"hover-wrap\"> \n          <div class=\"hover-wrap-inner\">\n            <img loading=\"lazy\" decoding=\"async\" class=\"img-with-animation skip-lazy\" data-delay=\"0\" height=\"744\" width=\"800\" data-animation=\"none\" src=\"https:\/\/praesta.es\/wp-content\/uploads\/2024\/05\/Praesta-Reveal-perspective.webp\" alt=\"Reveal perspective | Praesta Executive coaching\" srcset=\"https:\/\/praesta.es\/wp-content\/uploads\/2024\/05\/Praesta-Reveal-perspective.webp 800w, https:\/\/praesta.es\/wp-content\/uploads\/2024\/05\/Praesta-Reveal-perspective-300x279.webp 300w, https:\/\/praesta.es\/wp-content\/uploads\/2024\/05\/Praesta-Reveal-perspective-768x714.webp 768w\" sizes=\"auto, (max-width: 800px) 100vw, 800px\" \/>\n          <\/div>\n        <\/div>\n        \n      <\/div>\n    <\/div>\n\t\t\t<\/div> \n\t\t<\/div>\n\t<\/div> \n<\/div><\/div>\n\t\t<div id=\"fws_69ec705caca10\"  data-column-margin=\"default\" data-midnight=\"dark\" data-top-percent=\"1%\" data-bottom-percent=\"3%\"  class=\"wpb_row vc_row-fluid vc_row full-width-content vc_row-o-equal-height vc_row-flex vc_row-o-content-middle\"  style=\"padding-top: calc(100vw * 0.01); padding-bottom: calc(100vw * 0.03); \"><div class=\"row-bg-wrap\" data-bg-animation=\"none\" data-bg-animation-delay=\"\" data-bg-overlay=\"false\"><div class=\"inner-wrap row-bg-layer\" ><div class=\"row-bg viewport-desktop\"  style=\"\"><\/div><\/div><\/div><div class=\"row_col_wrap_12 col span_12 dark left\">\n\t<div  class=\"vc_col-sm-6 wpb_column column_container vc_column_container col padding-5-percent inherit_tablet inherit_phone\"  data-padding-pos=\"all\" data-has-bg-color=\"false\" data-bg-color=\"\" data-bg-opacity=\"1\" data-animation=\"\" data-delay=\"0\" >\n\t\t<div class=\"vc_column-inner\" >\n\t\t\t<div class=\"wpb_wrapper\">\n\t\t\t\t\n<div class=\"wpb_text_column wpb_content_element\" >\n\t<h2>S\u00f3lo t\u00fa conoces a fondo tu entorno de trabajo.<\/h2>\n<\/div>\n\n\n\n\n<div class=\"wpb_text_column wpb_content_element\" >\n\t<p>Tanto si eres un alto cargo, un director general, un consejero principal, un miembro de un equipo directivo o un l\u00edder emergente, escuchamos atentamente tus circunstancias para ayudarte a entender mejor tu mundo laboral y encontrar nuevas formas de avanzar.<\/p>\n<\/div>\n\n\n\n\n\t\t\t<\/div> \n\t\t<\/div>\n\t<\/div> \n\n\t<div  class=\"vc_col-sm-6 wpb_column column_container vc_column_container col padding-5-percent inherit_tablet padding-2-percent_phone\"  data-padding-pos=\"all\" data-has-bg-color=\"false\" data-bg-color=\"\" data-bg-opacity=\"1\" data-animation=\"\" data-delay=\"0\" >\n\t\t<div class=\"vc_column-inner\" >\n\t\t\t<div class=\"wpb_wrapper\">\n\t\t\t\t<div class=\"nectar_video_player_self_hosted wpb_video_widget wpb_content_element vc_clearfix vc_video-aspect-ratio-11 vc_video-el-width-100 vc_video-align-left\" data-border-radius=\"none\" data-shadow=\"none\">\n<div class=\"wpb_wrapper\"><div class=\"wpb_video_wrapper\"><video width=\"1280\" height=\"720\" class=\"nectar-video-self-hosted\" preload=\"auto\" loop autoplay muted playsinline><source src=\"https:\/\/praesta.es\/wp-content\/uploads\/2024\/05\/PRAESTA-Perspective-MASK-BOX-COLLECTED-White-LOW.mp4\"  type=\"video\/mp4\"><\/video><\/div><\/div><\/div>\n\t\t\t<\/div> \n\t\t<\/div>\n\t<\/div> \n<\/div><\/div>\n\t\t<div id=\"fws_69ec705cad576\"  data-column-margin=\"default\" data-midnight=\"dark\" data-top-percent=\"4%\" data-bottom-percent=\"4%\"  class=\"wpb_row vc_row-fluid vc_row full-width-content has-row-bg-color vc_row-o-equal-height vc_row-flex vc_row-o-content-middle\"  style=\"padding-top: calc(100vw * 0.04); padding-bottom: calc(100vw * 0.04); --row-bg-color: #d5cfc7;\"><div class=\"row-bg-wrap\" data-bg-animation=\"none\" data-bg-animation-delay=\"\" data-bg-overlay=\"false\"><div class=\"inner-wrap row-bg-layer\" ><div class=\"row-bg viewport-desktop using-bg-color\"  style=\"background-color: #d5cfc7; \"><\/div><\/div><\/div><div class=\"row_col_wrap_12 col span_12 dark left\">\n\t<div  class=\"vc_col-sm-6 wpb_column column_container vc_column_container col\"  data-padding-pos=\"all\" data-has-bg-color=\"false\" data-bg-color=\"\" data-bg-opacity=\"1\" data-animation=\"\" data-delay=\"0\" >\n\t\t<div class=\"vc_column-inner\" >\n\t\t\t<div class=\"wpb_wrapper\">\n\t\t\t\t\n<div class=\"wpb_text_column wpb_content_element  wpb_animate_when_almost_visible wpb_fadeIn fadeIn vc_custom_1720727691200\" >\n\t<p><a href=\"https:\/\/praesta.es\/wp-content\/uploads\/2024\/07\/Spain-Sectors-Praesta-ESP-49-49-49.svg\"><img loading=\"lazy\" decoding=\"async\" class=\"zoooom alignnone wp-image-1321 size-full\" src=\"https:\/\/praesta.es\/wp-content\/uploads\/2024\/07\/Spain-Sectors-Praesta-ESP-49-49-49.svg\" alt=\"\" width=\"1043\" height=\"867\" \/><\/a><\/p>\n<\/div>\n\n\n\n\n\t\t\t<\/div> \n\t\t<\/div>\n\t<\/div> \n\n\t<div  class=\"vc_col-sm-6 wpb_column column_container vc_column_container col padding-5-percent inherit_tablet inherit_phone\"  data-padding-pos=\"all\" data-has-bg-color=\"false\" data-bg-color=\"\" data-bg-opacity=\"1\" data-animation=\"\" data-delay=\"0\" >\n\t\t<div class=\"vc_column-inner\" >\n\t\t\t<div class=\"wpb_wrapper\">\n\t\t\t\t\n<div class=\"wpb_text_column wpb_content_element\" >\n\t<h2>Apoyo a los altos cargos de todos los sectores<\/h2>\n<\/div>\n\n\n\n\n<div class=\"wpb_text_column wpb_content_element\" >\n\t<p>Desde tecnolog\u00eda, medios de comunicaci\u00f3n, fabricaci\u00f3n, infraestructuras, transporte, servicios financieros y profesionales y empresas de bienes de consumo hasta organizaciones del tercer sector, los Coaches Ejecutivos de Praesta tienen d\u00e9cadas de experiencia construyendo relaciones de confianza que fomentan resultados reales.<\/p>\n<\/div>\n\n\n\n<div class=\"divider-wrap\" data-alignment=\"default\"><div style=\"height: 30px;\" class=\"divider\"><\/div><\/div><div class=\"nectar-cta  alignment_tablet_default alignment_phone_default display_tablet_inherit display_phone_inherit font_size_desktop_1vw font_size_tablet_16px\" data-color=\"default\" data-using-bg=\"false\" data-style=\"arrow-animation\" data-display=\"block\" data-alignment=\"left\" data-text-color=\"custom\" style=\"--nectar-text-color: #000000; --nectar-button-color: var(--nectar-default); --nectar-icon-gap: 10px; \"><span style=\"color: #000000;\" class=\"nectar-button-type\"><span class=\"link_wrap\" style=\"padding-top: 4px; padding-bottom: 4px; \"><a  class=\"link_text\" role=\"button\" href=\"https:\/\/praesta.es\/esp\/services\/\"><span class=\"text\">NUESTROS SERVICIOS<\/span><svg class=\"next-arrow\" aria-hidden=\"true\" width=\"20px\" height=\"25px\" viewbox=\"0 0 50 80\" xml:space=\"preserve\">\n  <polyline stroke=\"#ffffff\" stroke-width=\"9\" fill=\"none\" stroke-linecap=\"round\" stroke-linejoin=\"round\" points=\"0, 0 45, 40 0, 80\"\/>\n  <\/svg>  <span aria-hidden=\"true\" class=\"line\"  style=\"background-color: #000000;\"><\/span> <\/a><\/span><\/span><\/div>\n\t\t\t<\/div> \n\t\t<\/div>\n\t<\/div> \n<\/div><\/div>\n\t\t<div id=\"TESTIMONIALS\"  data-column-margin=\"default\" data-midnight=\"dark\" data-top-percent=\"2%\" data-bottom-percent=\"2%\"  class=\"wpb_row vc_row-fluid vc_row full-width-content vc_row-o-equal-height vc_row-flex vc_row-o-content-top\"  style=\"padding-top: calc(100vw * 0.02); padding-bottom: calc(100vw * 0.02); \"><div class=\"row-bg-wrap\" data-bg-animation=\"none\" data-bg-animation-delay=\"\" data-bg-overlay=\"false\"><div class=\"inner-wrap row-bg-layer\" ><div class=\"row-bg viewport-desktop\"  style=\"\"><\/div><\/div><\/div><div class=\"row_col_wrap_12 col span_12 dark left\">\n\t<div  class=\"vc_col-sm-6 wpb_column column_container vc_column_container col padding-4-percent bottom_margin_phone_-15pct inherit_tablet inherit_phone\"  data-padding-pos=\"all\" data-has-bg-color=\"false\" data-bg-color=\"\" data-bg-opacity=\"1\" data-animation=\"\" data-delay=\"0\" >\n\t\t<div class=\"vc_column-inner\" >\n\t\t\t<div class=\"wpb_wrapper\">\n\t\t\t\t\n<div class=\"wpb_text_column wpb_content_element\" >\n\t<h2>Qu\u00e9 dicen nuestros clientes<\/h2>\n<\/div>\n\n\n\n<div class=\"divider-wrap\" data-alignment=\"default\"><div style=\"height: 4px;\" class=\"divider\"><\/div><\/div>\n<div class=\"wpb_text_column wpb_content_element\" >\n\t<p><img loading=\"lazy\" decoding=\"async\" class=\"alignnone size-full wp-image-1179\" src=\"https:\/\/praesta.es\/wp-content\/uploads\/2024\/07\/Praesta-Spain-Testimonial-ESP-2-53.svg\" alt=\"Quote | Praesta Executive coaching\" width=\"313\" height=\"265\" \/><\/p>\n<\/div>\n\n\n\n\n<div class=\"wpb_text_column wpb_content_element\" >\n\t<p><img loading=\"lazy\" decoding=\"async\" class=\"alignnone size-full wp-image-1372\" src=\"https:\/\/praesta.es\/wp-content\/uploads\/2024\/07\/Praesta-Spain-Testimonial-ESP-3-51.svg\" alt=\"\" width=\"313\" height=\"265\" \/><\/p>\n<\/div>\n\n\n\n\n\t\t\t<\/div> \n\t\t<\/div>\n\t<\/div> \n\n\t<div  class=\"vc_col-sm-6 wpb_column column_container vc_column_container col padding-4-percent inherit_tablet inherit_phone\"  data-padding-pos=\"all\" data-has-bg-color=\"false\" data-bg-color=\"\" data-bg-opacity=\"1\" data-animation=\"\" data-delay=\"0\" >\n\t\t<div class=\"vc_column-inner\" >\n\t\t\t<div class=\"wpb_wrapper\">\n\t\t\t\t\n<div class=\"wpb_text_column wpb_content_element\" >\n\t<p><img loading=\"lazy\" decoding=\"async\" class=\"alignnone size-full wp-image-1323\" src=\"https:\/\/praesta.es\/wp-content\/uploads\/2024\/07\/Praesta-Spain-Testimonial-ESP-1-50.svg\" alt=\"\" width=\"313\" height=\"265\" \/><\/p>\n<\/div>\n\n\n\n\n<div class=\"wpb_text_column wpb_content_element\" >\n\t<p><img loading=\"lazy\" decoding=\"async\" class=\"alignnone size-full wp-image-1373\" src=\"https:\/\/praesta.es\/wp-content\/uploads\/2024\/07\/Praesta-Spain-Testimonial-ESP-4-52.svg\" alt=\"\" width=\"313\" height=\"265\" \/><\/p>\n<\/div>\n\n\n\n\n\t\t\t<\/div> \n\t\t<\/div>\n\t<\/div> \n<\/div><\/div>\n\t\t<div id=\"fws_69ec705caf2ef\"  data-column-margin=\"default\" data-midnight=\"dark\"  class=\"wpb_row vc_row-fluid vc_row\"  style=\"padding-top: 0px; padding-bottom: 0px; \"><div class=\"row-bg-wrap\" data-bg-animation=\"none\" data-bg-animation-delay=\"\" data-bg-overlay=\"false\"><div class=\"inner-wrap row-bg-layer\" ><div class=\"row-bg viewport-desktop\"  style=\"\"><\/div><\/div><\/div><div class=\"row_col_wrap_12 col span_12 dark left\">\n\t<div  class=\"vc_col-sm-12 wpb_column column_container vc_column_container col no-extra-padding inherit_tablet inherit_phone\"  data-padding-pos=\"all\" data-has-bg-color=\"false\" data-bg-color=\"\" data-bg-opacity=\"1\" data-animation=\"\" data-delay=\"0\" >\n\t\t<div class=\"vc_column-inner\" >\n\t\t\t<div class=\"wpb_wrapper\">\n\t\t\t\t\n\t\t<div id=\"fws_69ec705cafbc3\"  data-column-margin=\"default\" data-midnight=\"dark\"  class=\"wpb_row vc_row-fluid vc_row full-width-section has-row-bg-color vc_row-o-equal-height vc_row-flex vc_row-o-content-middle\"  style=\"padding-top: 80px; padding-bottom: 80px; --row-bg-color: #ff8000;\"><div class=\"row-bg-wrap\" data-bg-animation=\"none\" data-bg-animation-delay=\"\" data-bg-overlay=\"false\"><div class=\"inner-wrap row-bg-layer\" ><div class=\"row-bg viewport-desktop using-bg-color\"  style=\"background-color: #ff8000; \"><\/div><\/div><\/div><div class=\"row_col_wrap_12 col span_12 dark left\">\n\t<div  class=\"vc_col-sm-1 wpb_column column_container vc_column_container col no-extra-padding inherit_tablet inherit_phone\"  data-padding-pos=\"all\" data-has-bg-color=\"false\" data-bg-color=\"\" data-bg-opacity=\"1\" data-animation=\"\" data-delay=\"0\" >\n\t\t<div class=\"vc_column-inner\" >\n\t\t\t<div class=\"wpb_wrapper\">\n\t\t\t\t\n\t\t\t<\/div> \n\t\t<\/div>\n\t<\/div> \n\n\t<div style=\" color: #69164e;\" class=\"vc_col-sm-5 wpb_column column_container vc_column_container col no-extra-padding force-tablet-text-align-center force-phone-text-align-center inherit_tablet inherit_phone\" data-cfc=\"true\"  data-padding-pos=\"all\" data-has-bg-color=\"false\" data-bg-color=\"\" data-bg-opacity=\"1\" data-animation=\"\" data-delay=\"0\" >\n\t\t<div class=\"vc_column-inner\" >\n\t\t\t<div class=\"wpb_wrapper\">\n\t\t\t\t\n<div class=\"wpb_text_column wpb_content_element\" >\n\t<h2>Entablemos una conversaci\u00f3n<\/h2>\n<\/div>\n\n\n\n\n<div class=\"wpb_text_column wpb_content_element  vc_custom_1718203516196\" >\n\t<p>Nuestro trabajo siempre empieza contigo. Ponte en contacto con nosotros para que podamos saber m\u00e1s sobre ti, tus necesidades y tus objetivos.<\/p>\n<\/div>\n\n\n\n\n\t\t\t<\/div> \n\t\t<\/div>\n\t<\/div> \n\n\t<div  class=\"vc_col-sm-1 wpb_column column_container vc_column_container col no-extra-padding inherit_tablet inherit_phone\"  data-padding-pos=\"all\" data-has-bg-color=\"false\" data-bg-color=\"\" data-bg-opacity=\"1\" data-animation=\"\" data-delay=\"0\" >\n\t\t<div class=\"vc_column-inner\" >\n\t\t\t<div class=\"wpb_wrapper\">\n\t\t\t\t\n\t\t\t<\/div> \n\t\t<\/div>\n\t<\/div> \n\n\t<div  class=\"vc_col-sm-5 wpb_column column_container vc_column_container col no-extra-padding force-tablet-text-align-center force-phone-text-align-center inherit_tablet inherit_phone\"  data-padding-pos=\"all\" data-has-bg-color=\"false\" data-bg-color=\"\" data-bg-opacity=\"1\" data-animation=\"\" data-delay=\"0\" >\n\t\t<div class=\"vc_column-inner\" >\n\t\t\t<div class=\"wpb_wrapper\">\n\t\t\t\t<div id=\"fws_69ec705cb0905\" data-midnight=\"\" data-column-margin=\"default\" class=\"wpb_row vc_row-fluid vc_row inner_row\"  style=\"\"><div class=\"row-bg-wrap\"> <div class=\"row-bg\" ><\/div> <\/div><div class=\"row_col_wrap_12_inner col span_12  right\">\n\t<div  class=\"vc_col-sm-12 wpb_column column_container vc_column_container col child_column no-extra-padding inherit_tablet inherit_phone\"   data-padding-pos=\"all\" data-has-bg-color=\"false\" data-bg-color=\"\" data-bg-opacity=\"1\" data-animation=\"\" data-delay=\"0\" >\n\t\t<div class=\"vc_column-inner\" >\n\t\t<div class=\"wpb_wrapper\">\n\t\t\t<div class=\"nectar-cta  border_color_000000 alignment_tablet_default alignment_phone_default display_tablet_inherit display_phone_inherit font_size_desktop_1vw font_size_tablet_16px\" data-color=\"default\" data-using-bg=\"false\" data-style=\"arrow-animation\" data-display=\"block\" data-alignment=\"left\" data-text-color=\"custom\" style=\"--nectar-text-color: #000000; --nectar-button-color: var(--nectar-default); --nectar-icon-gap: 10px; \"><span style=\"color: #000000;\" class=\"nectar-button-type\"><span class=\"link_wrap\" style=\"padding-top: 4px; padding-bottom: 4px; \"><a target=\"_blank\" class=\"link_text\" role=\"button\" href=\"https:\/\/praesta.es\/esp\/contact\/\"><span class=\"text\">CONTACTO<\/span><svg class=\"next-arrow\" aria-hidden=\"true\" width=\"20px\" height=\"25px\" viewbox=\"0 0 50 80\" xml:space=\"preserve\">\n  <polyline stroke=\"#ffffff\" stroke-width=\"9\" fill=\"none\" stroke-linecap=\"round\" stroke-linejoin=\"round\" points=\"0, 0 45, 40 0, 80\"\/>\n  <\/svg>  <span aria-hidden=\"true\" class=\"line\"  style=\"background-color: #000000;\"><\/span> <\/a><\/span><\/span><\/div>\n\t\t<\/div> \n\t<\/div>\n\t<\/div> \n<\/div><\/div>\n\t\t\t<\/div> \n\t\t<\/div>\n\t<\/div> \n<\/div><\/div>\n<style type=\"text\/css\" data-type=\"vc_shortcodes-custom-css\">.vc_custom_1718203516196{margin-top: 15px !important;}<\/style>\n\t\t\t<\/div> \n\t\t<\/div>\n\t<\/div> \n<\/div><\/div>","protected":false},"excerpt":{"rendered":"A journey that\u2019s led by you Only you fully understand your particular working environment Whether you are a senior leader, CEO, main Board director, leadership team member or emerging leader,...","protected":false},"author":1,"featured_media":655,"parent":0,"menu_order":2,"comment_status":"closed","ping_status":"closed","template":"","meta":{"footnotes":""},"class_list":["post-173","page","type-page","status-publish","has-post-thumbnail"],"yoast_head":"<!-- This site is optimized with the Yoast SEO plugin v27.4 - https:\/\/yoast.com\/product\/yoast-seo-wordpress\/ -->\n<title>Colaborador de coaching en m\u00faltiples sectores<\/title>\n<meta name=\"description\" content=\"Praesta es un colaborador de coaching en organizaciones de tecnolog\u00eda, medios de comunicaci\u00f3n, fabricaci\u00f3n, infrastructuras, transporte, servicios financieros, tercer sector\" \/>\n<meta name=\"robots\" content=\"index, follow, max-snippet:-1, max-image-preview:large, max-video-preview:-1\" \/>\n<link rel=\"canonical\" href=\"https:\/\/praesta.es\/esp\/clientes\/\" \/>\n<meta property=\"og:locale\" content=\"es_ES\" \/>\n<meta property=\"og:type\" content=\"article\" \/>\n<meta property=\"og:title\" content=\"Colaborador de coaching en m\u00faltiples sectores\" \/>\n<meta property=\"og:description\" content=\"Praesta es un colaborador de coaching en organizaciones de tecnolog\u00eda, medios de comunicaci\u00f3n, fabricaci\u00f3n, infrastructuras, transporte, servicios financieros, tercer sector\" \/>\n<meta property=\"og:url\" content=\"https:\/\/praesta.es\/esp\/clientes\/\" \/>\n<meta property=\"og:site_name\" content=\"Praesta Coaching Ejecutivo\" \/>\n<meta property=\"article:modified_time\" content=\"2024-08-06T13:07:04+00:00\" \/>\n<meta property=\"og:image\" content=\"https:\/\/praesta.es\/wp-content\/uploads\/2024\/05\/Praesta-Reveal-perspective.webp\" \/>\n\t<meta property=\"og:image:width\" content=\"800\" \/>\n\t<meta property=\"og:image:height\" content=\"744\" \/>\n\t<meta property=\"og:image:type\" content=\"image\/webp\" \/>\n<meta name=\"twitter:card\" content=\"summary_large_image\" \/>\n<meta name=\"twitter:label1\" content=\"Tiempo de lectura\" \/>\n\t<meta name=\"twitter:data1\" content=\"8 minutos\" \/>\n<script type=\"application\/ld+json\" class=\"yoast-schema-graph\">{\"@context\":\"https:\\\/\\\/schema.org\",\"@graph\":[{\"@type\":\"WebPage\",\"@id\":\"https:\\\/\\\/praesta.es\\\/clientes\\\/\",\"url\":\"https:\\\/\\\/praesta.es\\\/clientes\\\/\",\"name\":\"Colaborador de coaching en m\u00faltiples sectores\",\"isPartOf\":{\"@id\":\"https:\\\/\\\/praesta.es\\\/#website\"},\"primaryImageOfPage\":{\"@id\":\"https:\\\/\\\/praesta.es\\\/clientes\\\/#primaryimage\"},\"image\":{\"@id\":\"https:\\\/\\\/praesta.es\\\/clientes\\\/#primaryimage\"},\"thumbnailUrl\":\"https:\\\/\\\/praesta.es\\\/wp-content\\\/uploads\\\/2024\\\/05\\\/Praesta-Reveal-perspective.webp\",\"datePublished\":\"2024-04-15T13:23:24+00:00\",\"dateModified\":\"2024-08-06T13:07:04+00:00\",\"description\":\"Praesta es un colaborador de coaching en organizaciones de tecnolog\u00eda, medios de comunicaci\u00f3n, fabricaci\u00f3n, infrastructuras, transporte, servicios financieros, tercer sector\",\"breadcrumb\":{\"@id\":\"https:\\\/\\\/praesta.es\\\/clientes\\\/#breadcrumb\"},\"inLanguage\":\"es\",\"potentialAction\":[{\"@type\":\"ReadAction\",\"target\":[\"https:\\\/\\\/praesta.es\\\/clientes\\\/\"]}]},{\"@type\":\"ImageObject\",\"inLanguage\":\"es\",\"@id\":\"https:\\\/\\\/praesta.es\\\/clientes\\\/#primaryimage\",\"url\":\"https:\\\/\\\/praesta.es\\\/wp-content\\\/uploads\\\/2024\\\/05\\\/Praesta-Reveal-perspective.webp\",\"contentUrl\":\"https:\\\/\\\/praesta.es\\\/wp-content\\\/uploads\\\/2024\\\/05\\\/Praesta-Reveal-perspective.webp\",\"width\":800,\"height\":744,\"caption\":\"Reveal perspective | Praesta Executive coaching\"},{\"@type\":\"BreadcrumbList\",\"@id\":\"https:\\\/\\\/praesta.es\\\/clientes\\\/#breadcrumb\",\"itemListElement\":[{\"@type\":\"ListItem\",\"position\":1,\"name\":\"Home\",\"item\":\"https:\\\/\\\/praesta.es\\\/\"},{\"@type\":\"ListItem\",\"position\":2,\"name\":\"Clientes\"}]},{\"@type\":\"WebSite\",\"@id\":\"https:\\\/\\\/praesta.es\\\/#website\",\"url\":\"https:\\\/\\\/praesta.es\\\/\",\"name\":\"Praesta Coaching Ejecutivo\",\"description\":\" Potenciar a los l\u00edderes. Descubrir nuevas perspectivas\",\"potentialAction\":[{\"@type\":\"SearchAction\",\"target\":{\"@type\":\"EntryPoint\",\"urlTemplate\":\"https:\\\/\\\/praesta.es\\\/?s={search_term_string}\"},\"query-input\":{\"@type\":\"PropertyValueSpecification\",\"valueRequired\":true,\"valueName\":\"search_term_string\"}}],\"inLanguage\":\"es\"}]}<\/script>\n<!-- \/ Yoast SEO plugin. -->","yoast_head_json":{"title":"Colaborador de coaching en m\u00faltiples sectores","description":"Praesta es un colaborador de coaching en organizaciones de tecnolog\u00eda, medios de comunicaci\u00f3n, fabricaci\u00f3n, infrastructuras, transporte, servicios financieros, tercer sector","robots":{"index":"index","follow":"follow","max-snippet":"max-snippet:-1","max-image-preview":"max-image-preview:large","max-video-preview":"max-video-preview:-1"},"canonical":"https:\/\/praesta.es\/esp\/clientes\/","og_locale":"es_ES","og_type":"article","og_title":"Colaborador de coaching en m\u00faltiples sectores","og_description":"Praesta es un colaborador de coaching en organizaciones de tecnolog\u00eda, medios de comunicaci\u00f3n, fabricaci\u00f3n, infrastructuras, transporte, servicios financieros, tercer sector","og_url":"https:\/\/praesta.es\/esp\/clientes\/","og_site_name":"Praesta Coaching Ejecutivo","article_modified_time":"2024-08-06T13:07:04+00:00","og_image":[{"width":800,"height":744,"url":"https:\/\/praesta.es\/wp-content\/uploads\/2024\/05\/Praesta-Reveal-perspective.webp","type":"image\/webp"}],"twitter_card":"summary_large_image","twitter_misc":{"Tiempo de lectura":"8 minutos"},"schema":{"@context":"https:\/\/schema.org","@graph":[{"@type":"WebPage","@id":"https:\/\/praesta.es\/clientes\/","url":"https:\/\/praesta.es\/clientes\/","name":"Colaborador de coaching en m\u00faltiples sectores","isPartOf":{"@id":"https:\/\/praesta.es\/#website"},"primaryImageOfPage":{"@id":"https:\/\/praesta.es\/clientes\/#primaryimage"},"image":{"@id":"https:\/\/praesta.es\/clientes\/#primaryimage"},"thumbnailUrl":"https:\/\/praesta.es\/wp-content\/uploads\/2024\/05\/Praesta-Reveal-perspective.webp","datePublished":"2024-04-15T13:23:24+00:00","dateModified":"2024-08-06T13:07:04+00:00","description":"Praesta es un colaborador de coaching en organizaciones de tecnolog\u00eda, medios de comunicaci\u00f3n, fabricaci\u00f3n, infrastructuras, transporte, servicios financieros, tercer sector","breadcrumb":{"@id":"https:\/\/praesta.es\/clientes\/#breadcrumb"},"inLanguage":"es","potentialAction":[{"@type":"ReadAction","target":["https:\/\/praesta.es\/clientes\/"]}]},{"@type":"ImageObject","inLanguage":"es","@id":"https:\/\/praesta.es\/clientes\/#primaryimage","url":"https:\/\/praesta.es\/wp-content\/uploads\/2024\/05\/Praesta-Reveal-perspective.webp","contentUrl":"https:\/\/praesta.es\/wp-content\/uploads\/2024\/05\/Praesta-Reveal-perspective.webp","width":800,"height":744,"caption":"Reveal perspective | Praesta Executive coaching"},{"@type":"BreadcrumbList","@id":"https:\/\/praesta.es\/clientes\/#breadcrumb","itemListElement":[{"@type":"ListItem","position":1,"name":"Home","item":"https:\/\/praesta.es\/"},{"@type":"ListItem","position":2,"name":"Clientes"}]},{"@type":"WebSite","@id":"https:\/\/praesta.es\/#website","url":"https:\/\/praesta.es\/","name":"Praesta Coaching Ejecutivo","description":"Potenciar a los l\u00edderes. Descubrir nuevas perspectivas","potentialAction":[{"@type":"SearchAction","target":{"@type":"EntryPoint","urlTemplate":"https:\/\/praesta.es\/?s={search_term_string}"},"query-input":{"@type":"PropertyValueSpecification","valueRequired":true,"valueName":"search_term_string"}}],"inLanguage":"es"}]}},"_links":{"self":[{"href":"https:\/\/praesta.es\/esp\/wp-json\/wp\/v2\/pages\/173","targetHints":{"allow":["GET"]}}],"collection":[{"href":"https:\/\/praesta.es\/esp\/wp-json\/wp\/v2\/pages"}],"about":[{"href":"https:\/\/praesta.es\/esp\/wp-json\/wp\/v2\/types\/page"}],"author":[{"embeddable":true,"href":"https:\/\/praesta.es\/esp\/wp-json\/wp\/v2\/users\/1"}],"replies":[{"embeddable":true,"href":"https:\/\/praesta.es\/esp\/wp-json\/wp\/v2\/comments?post=173"}],"version-history":[{"count":3,"href":"https:\/\/praesta.es\/esp\/wp-json\/wp\/v2\/pages\/173\/revisions"}],"predecessor-version":[{"id":1418,"href":"https:\/\/praesta.es\/esp\/wp-json\/wp\/v2\/pages\/173\/revisions\/1418"}],"wp:featuredmedia":[{"embeddable":true,"href":"https:\/\/praesta.es\/esp\/wp-json\/wp\/v2\/media\/655"}],"wp:attachment":[{"href":"https:\/\/praesta.es\/esp\/wp-json\/wp\/v2\/media?parent=173"}],"curies":[{"name":"wp","href":"https:\/\/api.w.org\/{rel}","templated":true}]}}